{"id":847,"date":"2024-01-11T13:21:15","date_gmt":"2024-01-11T17:21:15","guid":{"rendered":"https:\/\/zagasystem.com\/site\/?page_id=847"},"modified":"2024-01-11T16:59:13","modified_gmt":"2024-01-11T20:59:13","slug":"politicas-de-privacidad","status":"publish","type":"page","link":"https:\/\/zagasystem.com\/site\/politicas-de-privacidad\/","title":{"rendered":"Pol\u00edticas de Privacidad"},"content":{"rendered":"\t\t<div data-elementor-type=\"wp-page\" data-elementor-id=\"847\" class=\"elementor elementor-847\" data-elementor-post-type=\"page\">\n\t\t\t\t\t\t\t\t\t<section class=\"elementor-section elementor-top-section elementor-element elementor-element-78faf76 elementor-section-boxed elementor-section-height-default elementor-section-height-default\" data-id=\"78faf76\" data-element_type=\"section\">\n\t\t\t\t\t\t<div class=\"elementor-container elementor-column-gap-default\">\n\t\t\t\t\t<div class=\"elementor-column elementor-col-100 elementor-top-column elementor-element elementor-element-d8f4304\" data-id=\"d8f4304\" data-element_type=\"column\">\n\t\t\t<div class=\"elementor-widget-wrap elementor-element-populated\">\n\t\t\t\t\t\t\t\t<div class=\"elementor-element elementor-element-02fda53 elementor-widget elementor-widget-heading\" data-id=\"02fda53\" data-element_type=\"widget\" data-widget_type=\"heading.default\">\n\t\t\t\t<div class=\"elementor-widget-container\">\n\t\t\t<style>\/*! elementor - v3.15.0 - 20-08-2023 *\/\n.elementor-heading-title{padding:0;margin:0;line-height:1}.elementor-widget-heading .elementor-heading-title[class*=elementor-size-]>a{color:inherit;font-size:inherit;line-height:inherit}.elementor-widget-heading .elementor-heading-title.elementor-size-small{font-size:15px}.elementor-widget-heading .elementor-heading-title.elementor-size-medium{font-size:19px}.elementor-widget-heading .elementor-heading-title.elementor-size-large{font-size:29px}.elementor-widget-heading .elementor-heading-title.elementor-size-xl{font-size:39px}.elementor-widget-heading .elementor-heading-title.elementor-size-xxl{font-size:59px}<\/style><h1 class=\"elementor-heading-title elementor-size-default\">Pol\u00edticas de Privacidad<\/h1>\t\t<\/div>\n\t\t\t\t<\/div>\n\t\t\t\t\t<\/div>\n\t\t<\/div>\n\t\t\t\t\t\t\t<\/div>\n\t\t<\/section>\n\t\t\t\t<section class=\"elementor-section elementor-top-section elementor-element elementor-element-0eb9fdb elementor-section-boxed elementor-section-height-default elementor-section-height-default\" data-id=\"0eb9fdb\" data-element_type=\"section\">\n\t\t\t\t\t\t<div class=\"elementor-container elementor-column-gap-default\">\n\t\t\t\t\t<div class=\"elementor-column elementor-col-100 elementor-top-column elementor-element elementor-element-fbdbf16\" data-id=\"fbdbf16\" data-element_type=\"column\">\n\t\t\t<div class=\"elementor-widget-wrap elementor-element-populated\">\n\t\t\t\t\t\t\t\t<div class=\"elementor-element elementor-element-f1ed3fa elementor-widget elementor-widget-heading\" data-id=\"f1ed3fa\" data-element_type=\"widget\" data-widget_type=\"heading.default\">\n\t\t\t\t<div class=\"elementor-widget-container\">\n\t\t\t<h2 class=\"elementor-heading-title elementor-size-default\">T\u00e9rminos y Condiciones Generales para el uso del Web Site Zaga System Group<\/h2>\t\t<\/div>\n\t\t\t\t<\/div>\n\t\t\t\t\t<\/div>\n\t\t<\/div>\n\t\t\t\t\t\t\t<\/div>\n\t\t<\/section>\n\t\t\t\t<section class=\"elementor-section elementor-top-section elementor-element elementor-element-59c3148 elementor-section-boxed elementor-section-height-default elementor-section-height-default\" data-id=\"59c3148\" data-element_type=\"section\">\n\t\t\t\t\t\t<div class=\"elementor-container elementor-column-gap-default\">\n\t\t\t\t\t<div class=\"elementor-column elementor-col-100 elementor-top-column elementor-element elementor-element-ececece\" data-id=\"ececece\" data-element_type=\"column\">\n\t\t\t<div class=\"elementor-widget-wrap elementor-element-populated\">\n\t\t\t\t\t\t\t\t<div class=\"elementor-element elementor-element-c9ff2b6 elementor-widget elementor-widget-text-editor\" data-id=\"c9ff2b6\" data-element_type=\"widget\" data-widget_type=\"text-editor.default\">\n\t\t\t\t<div class=\"elementor-widget-container\">\n\t\t\t<style>\/*! elementor - v3.15.0 - 20-08-2023 *\/\n.elementor-widget-text-editor.elementor-drop-cap-view-stacked .elementor-drop-cap{background-color:#69727d;color:#fff}.elementor-widget-text-editor.elementor-drop-cap-view-framed .elementor-drop-cap{color:#69727d;border:3px solid;background-color:transparent}.elementor-widget-text-editor:not(.elementor-drop-cap-view-default) .elementor-drop-cap{margin-top:8px}.elementor-widget-text-editor:not(.elementor-drop-cap-view-default) .elementor-drop-cap-letter{width:1em;height:1em}.elementor-widget-text-editor .elementor-drop-cap{float:left;text-align:center;line-height:1;font-size:50px}.elementor-widget-text-editor .elementor-drop-cap-letter{display:inline-block}<\/style>\t\t\t\t<p><span style=\"font-weight: 400;\">Bienvenido a <a href=\"https:\/\/zagasystem.com\/site\/\">https:\/\/zagasystem.com\/site\/<\/a>, sitio web de Zaga System Group, para la comercializaci\u00f3n y oferta de nuestros productos y servicios. Si contin\u00faa navegando y utilizando este sitio web, usted acepta cumplir los siguientes \u201cT\u00e9rminos y Condiciones Generales\u201d que junto con nuestra pol\u00edtica de privacidad, rigen la relaci\u00f3n de Zaga System Group con usted a trav\u00e9s de este sitio web. Le recomendamos leerlos detenidamente. Si usted no acepta los \u201cT\u00e9rminos y Condiciones Generales\u201d de uso, no puede navegar por este sitio web, ni realizar transacci\u00f3n alguna en el mismo. Capacidad: Los servicios solo est\u00e1n disponibles para personas con capacidad legal para contratar. No podr\u00e1n utilizar los servicios quienes no tengan esa capacidad, como por ejemplo los menores de edad. Si el usuario representa a una \u201cEmpresa\u201d, este debe tener capacidad para contratar a nombre de tal entidad y obligar a la misma en los t\u00e9rminos de este Acuerdo. Modificaciones del Acuerdo: Zaga System Group podr\u00e1 modificar los T\u00e9rminos y Condiciones Generales en cualquier momento. Los t\u00e9rminos modificados, se har\u00e1n p\u00fablicos en el Sitio Web de Zaga System Group y entrar\u00e1n en vigor a los 15 (quince) d\u00edas de su publicaci\u00f3n. El uso del Sitio Web de Zaga System Group y\/o sus servicios implica la aceptaci\u00f3n de los \u201cT\u00e9rminos y Condiciones Generales\u201d para Zaga System Group. Privacidad de la Informaci\u00f3n, Seguridad y Confidencialidad de datos personales Zaga System Group recopila informaci\u00f3n del usuario durante la solicitud de informaci\u00f3n y contacto. Para adquirir y utilizar los Servicios ofrecidos por Zaga System Group, los usuarios deber\u00e1n facilitar determinados datos de car\u00e1cter personal. Esta informaci\u00f3n se procesa y almacena en servidores que mantienen altos est\u00e1ndares de seguridad y protecci\u00f3n f\u00edsica y tecnol\u00f3gica. Zaga System Group no vender\u00e1, alquilar\u00e1 ni negociar\u00e1 con otras empresas la informaci\u00f3n personal de los usuarios salvo en las formas y casos establecidos en las pol\u00edticas de privacidad publicadas en el Sitio Web de Zaga System Group. Zaga System Group har\u00e1 sus mejores esfuerzos para mantener la confidencialidad y seguridad de los Datos Personales de sus usuarios. Para mayor informaci\u00f3n sobre la privacidad de los Datos Personales y casos en los que pueden ser revelados, consulte nuestras Pol\u00edticas de Privacidad. Obligaciones de los usuarios: Durante el plazo establecido, los usuarios interesados realizar\u00e1n la solicitud de servicios ofrecidos. La oferta de venta se cierra una vez que vence el plazo. La oferta de contrataci\u00f3n de servicios culmina al vencer el plazo. Fallas en el sistema: Debido a que la plataforma prevista por <a href=\"https:\/\/zagasystem.com\/site\/\">https:\/\/zagasystem.com\/site\/<\/a> est\u00e1 basada en sistemas de software, no se garantiza el acceso, uso continuo o ininterrumpido del Sitio Web de Zaga System Group. El sistema puede eventualmente no estar disponible debido a casos fortuitos o de fuerza mayor, as\u00ed como dificultades t\u00e9cnicas o fallas de Internet, o por cualquier otra circunstancia ajena a Zaga System Group. En tales casos, se procurar\u00e1 restablecer el sistema con la mayor celeridad posible sin que por ello pueda imputarse alg\u00fan tipo de responsabilidad. Zaga System Group no se responsabilizar\u00e1 por ning\u00fan error u omisi\u00f3n en el Sitio Web de Zaga System Group. Los usuarios no podr\u00e1n imputar responsabilidad alguna ni exigir pago por lucro cesante, en virtud de perjuicios resultantes de dificultades t\u00e9cnicas o fallas en los sistemas o en Internet. Tarifas y facturaci\u00f3n: Zaga System Group se reserva el derecho de modificar, cambiar, agregar, o eliminar las tarifas vigentes, en cualquier momento, lo cual ser\u00e1 notificado a los usuarios p\u00fablicamente en el Sitio Web de Zaga System Group. Igualmente, Zaga System Group podr\u00e1 modificar temporalmente las tarifas por sus servicios, siendo efectivas al momento de\u00a0 su publicaci\u00f3n o anuncio. Los precios publicados de los productos y servicios disponibles en este Sitio Web de Zaga System Group, tendr\u00e1n vigencia y aplicaci\u00f3n \u00fanicamente en este medio y no ser\u00e1n necesariamente aplicables a otros canales de venta. En caso de que el usuario adeude el monto de un servicio prestado por Zaga System Group, esta empresa se reserva el derecho de tomar las medidas judiciales y extrajudiciales que estime pertinentes para obtener el pago del monto adeudado. En caso de facturaci\u00f3n por cargos que no corresponden, el usuario deber\u00e1 contactar o notificar a Zaga System Group indicando que la operaci\u00f3n no fue concretada, a trav\u00e9s de su ejecutivo de cuentas o del correo: <\/span><a href=\"mailto:contacto@zagasystem.com\"><span style=\"font-weight: 400;\">contacto@zagasystem.com<\/span><\/a><span style=\"font-weight: 400;\">. Medios de pago que se podr\u00e1n utilizar en este Sitio Web de Zaga System Group: Los productos y servicios ofrecidos en la \u201cplataforma\u201d Zaga System Group, salvo que se se\u00f1ale una forma diferente para casos particulares u ofertas de determinados bienes o servicios, podr\u00e1n ser cancelados contra cuenta internacional previamente autorizada por nuestro departamento de Finanzas. Actualizaciones del Sitio Web de Zaga System Group, no tiene obligaciones de actualizar, corregir o aclarar la informaci\u00f3n en el Sitio Web de Zaga System Group. No deber\u00eda considerarse ninguna fecha de renovaci\u00f3n o actualizaci\u00f3n espec\u00edfica en el Sitio Web de Zaga System Group, as\u00ed como tampoco ning\u00fan indicador de que la informaci\u00f3n ha sido modificada o actualizada. Al revisar la informaci\u00f3n en el Sitio Web de Zaga System Group recuerde que esta no representa toda la informaci\u00f3n disponible de un tema. Adem\u00e1s, acontecimientos subsecuentes o cambios en las circunstancias pueden hacer que la informaci\u00f3n publicada sea inexacta o est\u00e9 incompleta. Propiedad intelectual \u2013 Licencias \u2013 Enlaces: El texto, las im\u00e1genes, los gr\u00e1ficos, los archivos de video y la organizaci\u00f3n de nuestro Sitio Web de Zaga System Group est\u00e1n sujetos a la protecci\u00f3n de derechos de autor y a otros tipos de protecci\u00f3n intelectual. Estos objetos no pueden copiarse para distribuci\u00f3n o uso comercial, ni pueden modificarse o utilizarse en otros sitios. Tanto el acceso como el uso del Sitio Web de Zaga System Group son exclusivamente para ofrecer informaci\u00f3n personal, educaci\u00f3n y comunicaci\u00f3n. No se le transfiere al usuario derecho alguno, t\u00edtulo o participaci\u00f3n de los contenidos por el hecho de descargar, copiar, imprimir o utilizar el Sitio Web de Zaga System Group. Comentarios de los usuarios y otros env\u00edos: Tenga en cuenta que todos los comentarios, informaci\u00f3n, ideas, sugerencias u otros datos enviados o propuestos a Zaga System Group en nuestro Sitio Web de Zaga System Group o a trav\u00e9s de \u00e9ste o de alg\u00fan otro medio, ser\u00e1n y se mantendr\u00e1n como propiedad de Zaga System Group. De ese modo, Zaga System Group poseer\u00e1 con exclusividad todos los derechos, t\u00edtulos y participaci\u00f3n de cualquier presentaci\u00f3n, interacci\u00f3n o comentario. El uso comercial o no comercial, de cualquier presentaci\u00f3n no estar\u00e1 limitado de manera alguna. Formaci\u00f3n del consentimiento en los contratos celebrados a trav\u00e9s del Sitio Web de Zaga System Group: Toda venta en la \u201cplataforma\u201d Zaga System Group, est\u00e1 sujeta a confirmaci\u00f3n por parte del equipo de venta. En caso de no contar con la disponibilidad de nuestros servicios, implementaci\u00f3n de servicios \/ soluciones para la venta, los administradores del Sitio Web de Zaga System Group se comunicar\u00e1n con el usuario para brindarle la asesor\u00eda correspondiente. Derecho de retracto: En los contratos celebrados por medio de la p\u00e1gina web de Zaga System Group, el usuario podr\u00e1 retractarse del contrato celebrado seg\u00fan lo estipula la ley, a menos que en una determinada oferta se contemple expresamente que no existe esa posibilidad. Procedimiento de cambios y devoluciones: En caso de que el usuario desee ejercer la garant\u00eda legal, deber\u00e1 solicitar el ajuste contact\u00e1ndose con la direcci\u00f3n electr\u00f3nica del coordinador asignado. Otros sitios web La \u201cEmpresa\u201d no tendr\u00e1 responsabilidad sobre la informaci\u00f3n proporcionada por otros sitios web y las consecuencias que de ello se deriven. La \u201cEmpresa\u201d no garantiza, avala ni respalda de ninguna forma el acceso, informaci\u00f3n o contenido de cualquier otro sitio web o portal en los casos que dicho acceso se efect\u00fae desde o hacia \u00e9ste, mediante link, banner o cualquier dispositivo disponible en la red. Pol\u00edticas de Privacidad y Confidencialidad de la Informaci\u00f3n: Las \u00abPol\u00edticas de Privacidad\u00bb entrar\u00e1n en vigor para los nuevos usuarios desde su aceptaci\u00f3n y est\u00e1n vigentes desde el 1\u00ba de diciembre de 2018. La privacidad de la informaci\u00f3n de los usuarios es muy importante para Zaga System Group. Es por esa raz\u00f3n que se han tomado las precauciones para resguardar utilizando mecanismos completos y eficaces de seguridad inform\u00e1tica. Como parte normal de nuestra actividad recogemos y en algunos casos, revelamos informaci\u00f3n de los usuarios y visitantes del Sitio Web de Zaga System Group. Las \u00abPol\u00edticas de Privacidad\u00bb describen la informaci\u00f3n que Zaga System Group recoge sobre sus usuarios y visitantes y lo que puede hacerse con dicha informaci\u00f3n. Es importante que todos los usuarios y visitantes del Sitio Web de Zaga System Group conozcan las pr\u00e1cticas de Zaga System Group de la forma m\u00e1s precisa posible. Al inscribirse y\/o navegar el Sitio Web de Zaga System Group, el usuario y\/o visitante presta su consentimiento para que su informaci\u00f3n personal sea usada de acuerdo a las pol\u00edticas que se describen a continuaci\u00f3n.Este documento es parte \u201cT\u00e9rminos y Condiciones Generales\u201d de Zaga System Group. Al momento de la inscripci\u00f3n el usuario acepta las pol\u00edticas aqu\u00ed contenidas. Para mayor informaci\u00f3n sobre la confidencialidad de la Informaci\u00f3n Personal, cont\u00e1ctenos a trav\u00e9s del correo: <\/span><a href=\"mailto:contacto@zagasystem.com\"><span style=\"font-weight: 400;\">contacto@zagasystem.com<\/span><\/a><span style=\"font-weight: 400;\">. La informaci\u00f3n que recabamos. Lo primero que se debe hacer para iniciar el proceso de contacto y pago con el fin de disfrutar de los servicios de Zaga System Group es suministrar ciertos datos personales (\u00abInformaci\u00f3n Personal\u00bb) completos y exactos. Podremos solicitar, recabar y almacenar la siguiente Informaci\u00f3n Personal: apodo o seud\u00f3nimo para operar en el sitio de <a href=\"https:\/\/zagasystem.com\/site\/\">https:\/\/zagasystem.com\/site\/<\/a>, nombre, apellidos, n\u00famero de documento o identificaci\u00f3n v\u00e1lida, informaci\u00f3n f\u00edsica de contacto (como n\u00famero de tel\u00e9fono, pa\u00eds, domicilio, direcci\u00f3n de e-mail, etc.). Zaga System Group podr\u00e1 confirmar los datos personales suministrados acudiendo a entidades p\u00fablicas, compa\u00f1\u00edas especializadas o centrales de riesgo, para lo cual el usuario nos autoriza expresamente. La informaci\u00f3n que Zaga System Group obtenga de estas entidades ser\u00e1 tratada en forma confidencial.Zaga System Group recoge y almacena autom\u00e1ticamente cierta informaci\u00f3n sobre la actividad del usuario o visitante dentro del Sitio Web de Zaga System Group. Tal informaci\u00f3n puede incluir la URL de la que provienen (est\u00e9n o no en nuestro sitio web), a qu\u00e9 URL acceden seguidamente (est\u00e9n o no en nuestro sitio web), qu\u00e9 navegador est\u00e1n usando y sus direcciones IP. Tambi\u00e9n p\u00e1ginas visitadas, b\u00fasquedas realizadas, publicaciones, compras o ventas, calificaciones y r\u00e9plicas ingresadas, mensajes en los foros, entre otra informaci\u00f3n que podr\u00e1 ser almacenada y retenida. En cuanto a los potenciales usuarios, Zaga System Group no almacenar\u00e1 nombres, direcciones postales, datos bancarios, n\u00fameros de c\u00e9dula de identidad y\/o documentos de identidad, ni ninguna otra informaci\u00f3n que permita identificar o hacer identificable a una persona. Solo almacenar\u00e1 n\u00fameros de tel\u00e9fonos celulares y correos electr\u00f3nicos. Si los usuarios env\u00edan correspondencia, sean correos electr\u00f3nicos o cartas, o si otros usuarios o terceros nos env\u00edan correspondencia sobre las actividades o sobre los mensajes de otros usuarios en el Sitio Web de Zaga System Group, podemos recoger y almacenar tal Informaci\u00f3n Personal, incluyendo direcciones de e-mail.Confidencialidad de la informaci\u00f3n. Una vez suministrado los datos en el Sitio Web de Zaga System Group, nuestra empresa no vender\u00e1, alquilar\u00e1 o compartir\u00e1 la Informaci\u00f3n Personal excepto en las formas establecidas en estas pol\u00edticas. Sin perjuicio de ello, el usuario consiente en forma expresa que Zaga System Group transfiera total o parcialmente la Informaci\u00f3n Personal a cualquiera de las sociedades controladas, controlantes y\/o vinculadas con Zaga System Group, a cualquier t\u00edtulo y en el momento, forma y condiciones que estime pertinentes. Haremos todo lo que est\u00e9 a nuestro alcance para proteger la privacidad de la informaci\u00f3n. Puede suceder que en virtud de \u00f3rdenes judiciales o de regulaciones legales, nos veamos obligados a revelar informaci\u00f3n a las autoridades o terceras partes bajo ciertas circunstancias, o bien en casos en los que terceras partes puedan interceptar o acceder a cierta informaci\u00f3n o transmisiones de datos, hecho por el cual Zaga System Group no responder\u00e1 por la informaci\u00f3n revelada. Menores de Edad: Nuestros servicios s\u00f3lo est\u00e1n disponibles para aquellas personas que tengan capacidad legal para contratar. Por lo tanto, aquellos que no cumplan con esta condici\u00f3n deber\u00e1n abstenerse de suministrar informaci\u00f3n personal para ser incluida en nuestras bases de datos. Sin embargo, pueden hacerlo a trav\u00e9s de los padres o tutores. Cookies: El usuario y el visitante del Sitio Web de Zaga System Group conoce y acepta que la empresa podr\u00e1 utilizar un sistema de seguimiento mediante el uso de cookies (las \u00abCookies\u00bb). Las Cookies son peque\u00f1os archivos que se instalan en el disco r\u00edgido, con una duraci\u00f3n limitada en el tiempo que ayudan a personalizar los servicios. Tambi\u00e9n ofrecemos ciertas funcionalidades que s\u00f3lo est\u00e1n disponibles mediante el empleo de Cookies. Las Cookies se utilizan con el fin de conocer los intereses, el comportamiento y la demograf\u00eda de quienes visitan o son usuarios del Sitio Web de Zaga System Group y de esa forma, comprender mejor sus necesidades e intereses para brindar un mejor servicio o proveer informaci\u00f3n relacionada.Tambi\u00e9n usaremos la informaci\u00f3n obtenida por intermedio de las Cookies para analizar las p\u00e1ginas navegadas por el visitante o usuario, las b\u00fasquedas realizadas, mejorar nuestras iniciativas comerciales y promocionales, mostrar publicidad o promociones, banners de inter\u00e9s, noticias sobre Zaga System Group, perfeccionar nuestra oferta de contenidos y art\u00edculos, as\u00ed como presentaci\u00f3n y servicios. De igual manera, podremos utilizar Cookies para promover y hacer cumplir las reglas y seguridad del Sitio Web de Zaga System Group. Zaga System Group podr\u00e1 agregar Cookies en los e-mails que env\u00ede para medir la efectividad de las promociones. Se establece que la instalaci\u00f3n, permanencia y existencia de las Cookies en el computador del usuario depende de su exclusiva voluntad y pueden ser eliminadas de su computador cuando el usuario as\u00ed lo desee. Para saber c\u00f3mo quitar las Cookies del sistema es necesario revisar la secci\u00f3n Ayuda (Help) del navegador. Orden de autoridades competentes \u2013 Requerimientos Legales: Zaga System Group coopera con las autoridades competentes y con otros terceros para garantizar el cumplimiento de las leyes, por ejemplo, en materia de protecci\u00f3n de derechos de propiedad industrial e intelectual, prevenci\u00f3n del fraude y otras materias. Zaga System Group podr\u00e1 revelar la Informaci\u00f3n Personal de sus usuarios bajo requerimiento de la autoridades judiciales o gubernamentales competentes para efectos de investigaciones conducidas por ellas, aunque no exista una orden ni una citaci\u00f3n ejecutiva o judicial, o por ejemplo (y sin limitaci\u00f3n a este supuesto) cuando se trate de investigaciones de car\u00e1cter penal o de fraude o las relacionadas con pirater\u00eda inform\u00e1tica o la violaci\u00f3n de derechos de autor. En tales situaciones, Zaga System Group colaborar\u00e1 con las autoridades competentes con el fin de salvaguardar la integridad y la seguridad de la Comunidad y la de sus usuarios. Zaga System Group puede comunicar cualquier Informaci\u00f3n Personal sobre sus usuarios con la finalidad de cumplir la normativa aplicable y cooperar con las autoridades competentes en la medida en que discrecionalmente lo entendamos necesario y adecuado, en relaci\u00f3n con cualquier investigaci\u00f3n de un il\u00edcito o un fraude, infracci\u00f3n de derechos de propiedad industrial o intelectual, u otra actividad que sea ilegal o que pueda exponer a Zaga System Group o a sus usuarios a cualquier responsabilidad legal. Adem\u00e1s, Zaga System Group se reserva el derecho (y el usuario lo autoriza expresamente) de comunicar informaci\u00f3n sobre sus usuarios a otros usuarios, entidades o terceros cuando haya motivos suficientes para considerar que la actividad de un usuario sea sospechosa de intentar o cometer un delito o intentar perjudicar a otras personas. Este derecho ser\u00e1 utilizado por Zaga System Group a su entera discreci\u00f3n cuando lo considere apropiado o necesario para mantener la integridad y la seguridad de la Comunidad y la de sus usuarios, para hacer cumplir los \u201cT\u00e9rminos y Condiciones Generales\u201d y dem\u00e1s Pol\u00edticas del Sitio Web de Zaga System Group y a efectos de cooperar con la ejecuci\u00f3n y cumplimiento de la ley. Este derecho ser\u00e1 ejercido por Zaga System Group independientemente que no exista una orden judicial o administrativa al efecto. Seguridad. Almacenamiento de la informaci\u00f3n: Zaga System Group est\u00e1 obligado a cumplir con toda la normativa aplicable en materia de medidas de seguridad sobre la Informaci\u00f3n Personal. Adicionalmente, Zaga System Group usa los est\u00e1ndares de la industria en materia de protecci\u00f3n de la confidencialidad de su Informaci\u00f3n Personal, incluyendo, entre otras medidas, cortafuegos (\u00abfirewalls\u00bb) y Secure Socket Layers (\u00abSSL\u00bb). Zaga System Group considera a los datos de sus usuarios como un activo que debe ser protegido de cualquier p\u00e9rdida o acceso no autorizado. Empleamos diversas t\u00e9cnicas de seguridad para proteger tales datos de accesos no autorizados por usuarios dentro o fuera de nuestra compa\u00f1\u00eda. Sin embargo, es necesario tener muy en cuenta que la seguridad perfecta no existe en Internet.<\/span><\/p>\t\t\t\t\t\t<\/div>\n\t\t\t\t<\/div>\n\t\t\t\t\t<\/div>\n\t\t<\/div>\n\t\t\t\t\t\t\t<\/div>\n\t\t<\/section>\n\t\t\t\t\t\t\t<\/div>\n\t\t","protected":false},"excerpt":{"rendered":"<p>Pol\u00edticas de Privacidad T\u00e9rminos y Condiciones Generales para el uso del Web Site Zaga System Group Bienvenido a https:\/\/zagasystem.com\/site\/, sitio web de Zaga System Group, para la comercializaci\u00f3n y oferta de nuestros productos y servicios. Si contin\u00faa navegando y utilizando este sitio web, usted acepta cumplir los siguientes \u201cT\u00e9rminos y Condiciones Generales\u201d que junto con [&hellip;]<\/p>\n","protected":false},"author":1,"featured_media":0,"parent":0,"menu_order":0,"comment_status":"closed","ping_status":"closed","template":"","meta":{"footnotes":""},"class_list":["post-847","page","type-page","status-publish","hentry"],"_links":{"self":[{"href":"https:\/\/zagasystem.com\/site\/wp-json\/wp\/v2\/pages\/847","targetHints":{"allow":["GET"]}}],"collection":[{"href":"https:\/\/zagasystem.com\/site\/wp-json\/wp\/v2\/pages"}],"about":[{"href":"https:\/\/zagasystem.com\/site\/wp-json\/wp\/v2\/types\/page"}],"author":[{"embeddable":true,"href":"https:\/\/zagasystem.com\/site\/wp-json\/wp\/v2\/users\/1"}],"replies":[{"embeddable":true,"href":"https:\/\/zagasystem.com\/site\/wp-json\/wp\/v2\/comments?post=847"}],"version-history":[{"count":28,"href":"https:\/\/zagasystem.com\/site\/wp-json\/wp\/v2\/pages\/847\/revisions"}],"predecessor-version":[{"id":880,"href":"https:\/\/zagasystem.com\/site\/wp-json\/wp\/v2\/pages\/847\/revisions\/880"}],"wp:attachment":[{"href":"https:\/\/zagasystem.com\/site\/wp-json\/wp\/v2\/media?parent=847"}],"curies":[{"name":"wp","href":"https:\/\/api.w.org\/{rel}","templated":true}]}}