{"id":14,"date":"2023-06-11T21:07:58","date_gmt":"2023-06-12T01:07:58","guid":{"rendered":"https:\/\/zagasystem.com\/site\/?page_id=14"},"modified":"2023-06-13T23:03:53","modified_gmt":"2023-06-14T03:03:53","slug":"reclutamiento-de-calidad","status":"publish","type":"page","link":"https:\/\/zagasystem.com\/site\/reclutamiento-de-calidad\/","title":{"rendered":"Reclutamiento de calidad"},"content":{"rendered":"\t\t<div data-elementor-type=\"wp-page\" data-elementor-id=\"14\" class=\"elementor elementor-14\" data-elementor-post-type=\"page\">\n\t\t\t\t\t\t\t\t\t<section class=\"elementor-section elementor-top-section elementor-element elementor-element-34e8d8f elementor-section-boxed elementor-section-height-default elementor-section-height-default\" data-id=\"34e8d8f\" data-element_type=\"section\" data-settings=\"{&quot;background_background&quot;:&quot;classic&quot;}\">\n\t\t\t\t\t\t\t<div class=\"elementor-background-overlay\"><\/div>\n\t\t\t\t\t\t\t<div class=\"elementor-container elementor-column-gap-default\">\n\t\t\t\t\t<div class=\"elementor-column elementor-col-100 elementor-top-column elementor-element elementor-element-0b15b98\" data-id=\"0b15b98\" data-element_type=\"column\">\n\t\t\t<div class=\"elementor-widget-wrap elementor-element-populated\">\n\t\t\t\t\t\t\t\t<div class=\"elementor-element elementor-element-2819f82 subtitle-page-img elementor-widget elementor-widget-heading\" data-id=\"2819f82\" data-element_type=\"widget\" data-widget_type=\"heading.default\">\n\t\t\t\t<div class=\"elementor-widget-container\">\n\t\t\t<style>\/*! elementor - v3.15.0 - 20-08-2023 *\/\n.elementor-heading-title{padding:0;margin:0;line-height:1}.elementor-widget-heading .elementor-heading-title[class*=elementor-size-]>a{color:inherit;font-size:inherit;line-height:inherit}.elementor-widget-heading .elementor-heading-title.elementor-size-small{font-size:15px}.elementor-widget-heading .elementor-heading-title.elementor-size-medium{font-size:19px}.elementor-widget-heading .elementor-heading-title.elementor-size-large{font-size:29px}.elementor-widget-heading .elementor-heading-title.elementor-size-xl{font-size:39px}.elementor-widget-heading .elementor-heading-title.elementor-size-xxl{font-size:59px}<\/style><h1 class=\"elementor-heading-title elementor-size-default\">RECLUTAMIENTO DE CALIDAD<\/h1>\t\t<\/div>\n\t\t\t\t<\/div>\n\t\t\t\t\t<\/div>\n\t\t<\/div>\n\t\t\t\t\t\t\t<\/div>\n\t\t<\/section>\n\t\t\t\t<section class=\"elementor-section elementor-top-section elementor-element elementor-element-4fdabf4 elementor-section-boxed elementor-section-height-default elementor-section-height-default\" data-id=\"4fdabf4\" data-element_type=\"section\">\n\t\t\t\t\t\t<div class=\"elementor-container elementor-column-gap-default\">\n\t\t\t\t\t<div class=\"elementor-column elementor-col-100 elementor-top-column elementor-element elementor-element-61061ce\" data-id=\"61061ce\" data-element_type=\"column\">\n\t\t\t<div class=\"elementor-widget-wrap elementor-element-populated\">\n\t\t\t\t\t\t\t\t<div class=\"elementor-element elementor-element-503d56f elementor-widget elementor-widget-heading\" data-id=\"503d56f\" data-element_type=\"widget\" data-widget_type=\"heading.default\">\n\t\t\t\t<div class=\"elementor-widget-container\">\n\t\t\t<h2 class=\"elementor-heading-title elementor-size-default\">Reclutamiento de calidad<\/h2>\t\t<\/div>\n\t\t\t\t<\/div>\n\t\t\t\t<div class=\"elementor-element elementor-element-f25015c elementor-widget elementor-widget-text-editor\" data-id=\"f25015c\" data-element_type=\"widget\" data-widget_type=\"text-editor.default\">\n\t\t\t\t<div class=\"elementor-widget-container\">\n\t\t\t<style>\/*! elementor - v3.15.0 - 20-08-2023 *\/\n.elementor-widget-text-editor.elementor-drop-cap-view-stacked .elementor-drop-cap{background-color:#69727d;color:#fff}.elementor-widget-text-editor.elementor-drop-cap-view-framed .elementor-drop-cap{color:#69727d;border:3px solid;background-color:transparent}.elementor-widget-text-editor:not(.elementor-drop-cap-view-default) .elementor-drop-cap{margin-top:8px}.elementor-widget-text-editor:not(.elementor-drop-cap-view-default) .elementor-drop-cap-letter{width:1em;height:1em}.elementor-widget-text-editor .elementor-drop-cap{float:left;text-align:center;line-height:1;font-size:50px}.elementor-widget-text-editor .elementor-drop-cap-letter{display:inline-block}<\/style>\t\t\t\t<p>En\u00a0<strong>Grupo ZaGaSystem<\/strong>\u00a0sabemos que las relaciones son de suma importancia para el desarrollo de nuestro negocio.\u00a0Grandes\u00a0compa\u00f1\u00edas reconocen el valor que aportamos en este entorno, y utilizan los servicios de\u00a0<strong>Grupo ZaGaSystem<\/strong>\u00a0para hacer crecer sus capacidades tecnol\u00f3gicas y trabajar con profesionales talentosos. Nuestra habilidad para entender las necesidades de las compa\u00f1\u00edas les ayuda a obtener las capacidades que requieren para seguir compitiendo y creciendo en los mercados actuales.<\/p><p>\u00a0<\/p><p>Con nuestra experiencia en atracci\u00f3n y captaci\u00f3n de expertos en tecnolog\u00eda, nuestro equipo de trabajo est\u00e1 preparado para ofrecer soluciones adaptadas a las necesidades concretas para cada cliente.<\/p><p>\u00a0<\/p><p>\u00bfC\u00f3mo lo hacemos? Conectando a los mejores profesionales en tecnolog\u00eda con los mejores y m\u00e1s motivadores proyectos.<\/p><p>\u00a0<\/p><p><strong>Grupo ZagaSystem<\/strong>\u00a0trabaja con consultores t\u00e9cnicos con conocimiento en el sector tecnol\u00f3gico. Actualmente contamos con gran cantidad de profesionales. Nuestra habilidad es identificar las fortalezas en nuestro pool de talento, hemos establecido nuestro sistema de control de calidad.<\/p><p>\u00a0<\/p><p>\u00a0<\/p>\t\t\t\t\t\t<\/div>\n\t\t\t\t<\/div>\n\t\t\t\t\t<\/div>\n\t\t<\/div>\n\t\t\t\t\t\t\t<\/div>\n\t\t<\/section>\n\t\t\t\t\t\t\t<\/div>\n\t\t","protected":false},"excerpt":{"rendered":"<p>RECLUTAMIENTO DE CALIDAD Reclutamiento de calidad En\u00a0Grupo ZaGaSystem\u00a0sabemos que las relaciones son de suma importancia para el desarrollo de nuestro negocio.\u00a0Grandes\u00a0compa\u00f1\u00edas reconocen el valor que aportamos en este entorno, y utilizan los servicios de\u00a0Grupo ZaGaSystem\u00a0para hacer crecer sus capacidades tecnol\u00f3gicas y trabajar con profesionales talentosos. Nuestra habilidad para entender las necesidades de las compa\u00f1\u00edas les [&hellip;]<\/p>\n","protected":false},"author":1,"featured_media":0,"parent":0,"menu_order":0,"comment_status":"closed","ping_status":"closed","template":"","meta":{"footnotes":""},"class_list":["post-14","page","type-page","status-publish","hentry"],"_links":{"self":[{"href":"https:\/\/zagasystem.com\/site\/wp-json\/wp\/v2\/pages\/14","targetHints":{"allow":["GET"]}}],"collection":[{"href":"https:\/\/zagasystem.com\/site\/wp-json\/wp\/v2\/pages"}],"about":[{"href":"https:\/\/zagasystem.com\/site\/wp-json\/wp\/v2\/types\/page"}],"author":[{"embeddable":true,"href":"https:\/\/zagasystem.com\/site\/wp-json\/wp\/v2\/users\/1"}],"replies":[{"embeddable":true,"href":"https:\/\/zagasystem.com\/site\/wp-json\/wp\/v2\/comments?post=14"}],"version-history":[{"count":13,"href":"https:\/\/zagasystem.com\/site\/wp-json\/wp\/v2\/pages\/14\/revisions"}],"predecessor-version":[{"id":327,"href":"https:\/\/zagasystem.com\/site\/wp-json\/wp\/v2\/pages\/14\/revisions\/327"}],"wp:attachment":[{"href":"https:\/\/zagasystem.com\/site\/wp-json\/wp\/v2\/media?parent=14"}],"curies":[{"name":"wp","href":"https:\/\/api.w.org\/{rel}","templated":true}]}}